{"id":184,"date":"2025-05-16T17:21:47","date_gmt":"2025-05-16T15:21:47","guid":{"rendered":"https:\/\/tworzymyugc.pl\/?page_id=184"},"modified":"2025-06-12T10:24:12","modified_gmt":"2025-06-12T08:24:12","slug":"checkout","status":"publish","type":"page","link":"https:\/\/tworzymyugc.pl\/?page_id=184","title":{"rendered":"Zam\u00f3wienie"},"content":{"rendered":"\t\t<div data-elementor-type=\"wp-page\" data-elementor-id=\"184\" class=\"elementor elementor-184\" data-elementor-post-type=\"page\">\n\t\t\t\t<div class=\"elementor-element elementor-element-d3ed559 e-flex e-con-boxed e-con e-parent\" data-id=\"d3ed559\" data-element_type=\"container\" data-settings=\"{&quot;background_background&quot;:&quot;gradient&quot;}\">\n\t\t\t\t\t<div class=\"e-con-inner\">\n\t\t\t\t<div class=\"elementor-element elementor-element-19a8498 e-checkout-layout-two-column elementor-widget elementor-widget-woocommerce-checkout-page\" data-id=\"19a8498\" data-element_type=\"widget\" data-settings=\"{&quot;purchase_button_hover_animation&quot;:&quot;shrink&quot;}\" data-widget_type=\"woocommerce-checkout-page.default\">\n\t\t\t\t<div class=\"elementor-widget-container\">\n\t\t\t\t\t<div class=\"woocommerce\"><div class=\"woocommerce-notices-wrapper\"><\/div><\/div>\t\t\t\t<\/div>\n\t\t\t\t<\/div>\n\t\t\t\t\t<\/div>\n\t\t\t\t<\/div>\n\t\t<div class=\"elementor-element elementor-element-f92fb34 e-con-full e-flex e-con e-parent\" data-id=\"f92fb34\" data-element_type=\"container\">\n\t\t\t\t<div class=\"elementor-element elementor-element-9681e06 elementor-widget elementor-widget-template\" data-id=\"9681e06\" data-element_type=\"widget\" data-widget_type=\"template.default\">\n\t\t\t\t<div class=\"elementor-widget-container\">\n\t\t\t\t\t\t\t<div class=\"elementor-template\">\n\t\t\t\t\t<div data-elementor-type=\"page\" data-elementor-id=\"43\" class=\"elementor elementor-43\" data-elementor-post-type=\"elementor_library\">\n\t\t\t\t\t\t<section class=\"elementor-section elementor-top-section elementor-element elementor-element-451c2e8f elementor-section-full_width elementor-section-height-default elementor-section-height-default\" data-id=\"451c2e8f\" data-element_type=\"section\" data-settings=\"{&quot;background_background&quot;:&quot;gradient&quot;}\">\n\t\t\t\t\t\t<div class=\"elementor-container elementor-column-gap-default\">\n\t\t\t\t\t<div class=\"elementor-column elementor-col-100 elementor-top-column elementor-element elementor-element-61df42d5\" data-id=\"61df42d5\" data-element_type=\"column\">\n\t\t\t<div class=\"elementor-widget-wrap elementor-element-populated\">\n\t\t\t\t\t\t<div class=\"elementor-element elementor-element-325d2c23 elementor-widget elementor-widget-theme-site-logo elementor-widget-image\" data-id=\"325d2c23\" data-element_type=\"widget\" data-widget_type=\"theme-site-logo.default\">\n\t\t\t\t<div class=\"elementor-widget-container\">\n\t\t\t\t\t\t\t\t\t\t\t<a href=\"https:\/\/tworzymyugc.pl\">\n\t\t\t<img fetchpriority=\"high\" decoding=\"async\" width=\"1571\" height=\"1571\" src=\"https:\/\/tworzymyugc.pl\/wp-content\/uploads\/2025\/06\/cropped-ugclogo-1.png\" class=\"attachment-full size-full wp-image-686\" alt=\"\" srcset=\"https:\/\/tworzymyugc.pl\/wp-content\/uploads\/2025\/06\/cropped-ugclogo-1.png 1571w, https:\/\/tworzymyugc.pl\/wp-content\/uploads\/2025\/06\/cropped-ugclogo-1-300x300.png 300w, https:\/\/tworzymyugc.pl\/wp-content\/uploads\/2025\/06\/cropped-ugclogo-1-1024x1024.png 1024w, https:\/\/tworzymyugc.pl\/wp-content\/uploads\/2025\/06\/cropped-ugclogo-1-150x150.png 150w, https:\/\/tworzymyugc.pl\/wp-content\/uploads\/2025\/06\/cropped-ugclogo-1-768x768.png 768w, https:\/\/tworzymyugc.pl\/wp-content\/uploads\/2025\/06\/cropped-ugclogo-1-1536x1536.png 1536w, https:\/\/tworzymyugc.pl\/wp-content\/uploads\/2025\/06\/cropped-ugclogo-1-600x600.png 600w, https:\/\/tworzymyugc.pl\/wp-content\/uploads\/2025\/06\/cropped-ugclogo-1-100x100.png 100w\" sizes=\"(max-width: 1571px) 100vw, 1571px\" \/>\t\t\t\t<\/a>\n\t\t\t\t\t\t\t\t\t\t\t<\/div>\n\t\t\t\t<\/div>\n\t\t\t\t<div class=\"elementor-element elementor-element-0c39320 elementor-widget elementor-widget-text-editor\" data-id=\"0c39320\" data-element_type=\"widget\" data-widget_type=\"text-editor.default\">\n\t\t\t\t<div class=\"elementor-widget-container\">\n\t\t\t\t\t\t\t\t\t<p><b>Specjalizuj\u0119 si\u0119 w UGC i dzia\u0142am jako Social Media Manager \u2013 wiem, co przyci\u0105ga uwag\u0119, co anga\u017cuje odbiorc\u00f3w i jak tworzy\u0107 tre\u015bci, kt\u00f3re realnie sprzedaj\u0105.<\/b><span style=\"font-weight: 400;\"> Pomagam markom i tw\u00f3rcom wyr\u00f3\u017cni\u0107 si\u0119 w t\u0142umie, budowa\u0107 wiarygodno\u015b\u0107 i zacz\u0105\u0107 dzia\u0142a\u0107 od razu \u2013 bez marnowania czasu na metody, kt\u00f3re nie dzia\u0142aj\u0105<\/span><\/p>\t\t\t\t\t\t\t\t<\/div>\n\t\t\t\t<\/div>\n\t\t\t\t<div class=\"elementor-element elementor-element-6e714c7 elementor-icon-list--layout-inline elementor-list-item-link-inline elementor-align-left elementor-mobile-align-center elementor-widget elementor-widget-icon-list\" data-id=\"6e714c7\" data-element_type=\"widget\" data-widget_type=\"icon-list.default\">\n\t\t\t\t<div class=\"elementor-widget-container\">\n\t\t\t\t\t\t\t<ul class=\"elementor-icon-list-items elementor-inline-items\">\n\t\t\t\t\t\t\t<li class=\"elementor-icon-list-item elementor-inline-item\">\n\t\t\t\t\t\t\t\t\t\t\t<a href=\"https:\/\/www.instagram.com\/gabrielam.ugc?igsh=MWZ6c2Z4ODVpanBxMQ%3D%3D&#038;utm_source=qr\">\n\n\t\t\t\t\t\t\t\t\t\t\t\t<span class=\"elementor-icon-list-icon\">\n\t\t\t\t\t\t\t<svg aria-hidden=\"true\" class=\"e-font-icon-svg e-fab-instagram\" viewBox=\"0 0 448 512\" xmlns=\"http:\/\/www.w3.org\/2000\/svg\"><path d=\"M224.1 141c-63.6 0-114.9 51.3-114.9 114.9s51.3 114.9 114.9 114.9S339 319.5 339 255.9 287.7 141 224.1 141zm0 189.6c-41.1 0-74.7-33.5-74.7-74.7s33.5-74.7 74.7-74.7 74.7 33.5 74.7 74.7-33.6 74.7-74.7 74.7zm146.4-194.3c0 14.9-12 26.8-26.8 26.8-14.9 0-26.8-12-26.8-26.8s12-26.8 26.8-26.8 26.8 12 26.8 26.8zm76.1 27.2c-1.7-35.9-9.9-67.7-36.2-93.9-26.2-26.2-58-34.4-93.9-36.2-37-2.1-147.9-2.1-184.9 0-35.8 1.7-67.6 9.9-93.9 36.1s-34.4 58-36.2 93.9c-2.1 37-2.1 147.9 0 184.9 1.7 35.9 9.9 67.7 36.2 93.9s58 34.4 93.9 36.2c37 2.1 147.9 2.1 184.9 0 35.9-1.7 67.7-9.9 93.9-36.2 26.2-26.2 34.4-58 36.2-93.9 2.1-37 2.1-147.8 0-184.8zM398.8 388c-7.8 19.6-22.9 34.7-42.6 42.6-29.5 11.7-99.5 9-132.1 9s-102.7 2.6-132.1-9c-19.6-7.8-34.7-22.9-42.6-42.6-11.7-29.5-9-99.5-9-132.1s-2.6-102.7 9-132.1c7.8-19.6 22.9-34.7 42.6-42.6 29.5-11.7 99.5-9 132.1-9s102.7-2.6 132.1 9c19.6 7.8 34.7 22.9 42.6 42.6 11.7 29.5 9 99.5 9 132.1s2.7 102.7-9 132.1z\"><\/path><\/svg>\t\t\t\t\t\t<\/span>\n\t\t\t\t\t\t\t\t\t\t<span class=\"elementor-icon-list-text\"><\/span>\n\t\t\t\t\t\t\t\t\t\t\t<\/a>\n\t\t\t\t\t\t\t\t\t<\/li>\n\t\t\t\t\t\t\t\t<li class=\"elementor-icon-list-item elementor-inline-item\">\n\t\t\t\t\t\t\t\t\t\t\t<a href=\"https:\/\/www.tiktok.com\/@gabrielam.ugc?_t=ZN-8wyZgcseffa&#038;_r=1\">\n\n\t\t\t\t\t\t\t\t\t\t\t\t<span class=\"elementor-icon-list-icon\">\n\t\t\t\t\t\t\t<svg aria-hidden=\"true\" class=\"e-font-icon-svg e-fab-tiktok\" viewBox=\"0 0 448 512\" xmlns=\"http:\/\/www.w3.org\/2000\/svg\"><path d=\"M448,209.91a210.06,210.06,0,0,1-122.77-39.25V349.38A162.55,162.55,0,1,1,185,188.31V278.2a74.62,74.62,0,1,0,52.23,71.18V0l88,0a121.18,121.18,0,0,0,1.86,22.17h0A122.18,122.18,0,0,0,381,102.39a121.43,121.43,0,0,0,67,20.14Z\"><\/path><\/svg>\t\t\t\t\t\t<\/span>\n\t\t\t\t\t\t\t\t\t\t<span class=\"elementor-icon-list-text\"><\/span>\n\t\t\t\t\t\t\t\t\t\t\t<\/a>\n\t\t\t\t\t\t\t\t\t<\/li>\n\t\t\t\t\t\t<\/ul>\n\t\t\t\t\t\t<\/div>\n\t\t\t\t<\/div>\n\t\t\t\t\t<\/div>\n\t\t<\/div>\n\t\t\t\t\t<\/div>\n\t\t<\/section>\n\t\t<div class=\"elementor-element elementor-element-79783a8 e-flex e-con-boxed e-con e-parent\" data-id=\"79783a8\" data-element_type=\"container\" data-settings=\"{&quot;background_background&quot;:&quot;classic&quot;}\">\n\t\t\t\t\t<div class=\"e-con-inner\">\n\t\t\t\t<div class=\"elementor-element elementor-element-06d21cb elementor-widget-divider--view-line elementor-widget elementor-widget-divider\" data-id=\"06d21cb\" data-element_type=\"widget\" data-widget_type=\"divider.default\">\n\t\t\t\t<div class=\"elementor-widget-container\">\n\t\t\t\t\t\t\t<div class=\"elementor-divider\">\n\t\t\t<span class=\"elementor-divider-separator\">\n\t\t\t\t\t\t<\/span>\n\t\t<\/div>\n\t\t\t\t\t\t<\/div>\n\t\t\t\t<\/div>\n\t\t\t\t\t<\/div>\n\t\t\t\t<\/div>\n\t\t<footer class=\"elementor-element elementor-element-4441af5 e-con-full e-flex e-con e-parent\" data-id=\"4441af5\" data-element_type=\"container\" data-settings=\"{&quot;background_background&quot;:&quot;classic&quot;}\">\n\t\t<div class=\"elementor-element elementor-element-63007fc e-con-full e-flex e-con e-child\" data-id=\"63007fc\" data-element_type=\"container\" data-settings=\"{&quot;background_background&quot;:&quot;classic&quot;}\">\n\t\t\t\t<div class=\"elementor-element elementor-element-4d2b78d elementor-widget elementor-widget-heading\" data-id=\"4d2b78d\" data-element_type=\"widget\" data-widget_type=\"heading.default\">\n\t\t\t\t<div class=\"elementor-widget-container\">\n\t\t\t\t\t<p class=\"elementor-heading-title elementor-size-default\">\u00a9 2025 . Wszelkie prawa zastrze\u017cone.<\/p>\t\t\t\t<\/div>\n\t\t\t\t<\/div>\n\t\t\t\t<\/div>\n\t\t<div class=\"elementor-element elementor-element-90154d7 e-con-full e-flex e-con e-child\" data-id=\"90154d7\" data-element_type=\"container\">\n\t\t\t\t<div class=\"elementor-element elementor-element-804087f elementor-nav-menu__align-center elementor-nav-menu--dropdown-none elementor-widget elementor-widget-nav-menu\" data-id=\"804087f\" data-element_type=\"widget\" data-settings=\"{&quot;layout&quot;:&quot;horizontal&quot;,&quot;submenu_icon&quot;:{&quot;value&quot;:&quot;&lt;svg class=\\&quot;e-font-icon-svg e-fas-caret-down\\&quot; viewBox=\\&quot;0 0 320 512\\&quot; xmlns=\\&quot;http:\\\/\\\/www.w3.org\\\/2000\\\/svg\\&quot;&gt;&lt;path d=\\&quot;M31.3 192h257.3c17.8 0 26.7 21.5 14.1 34.1L174.1 354.8c-7.8 7.8-20.5 7.8-28.3 0L17.2 226.1C4.6 213.5 13.5 192 31.3 192z\\&quot;&gt;&lt;\\\/path&gt;&lt;\\\/svg&gt;&quot;,&quot;library&quot;:&quot;fa-solid&quot;}}\" data-widget_type=\"nav-menu.default\">\n\t\t\t\t<div class=\"elementor-widget-container\">\n\t\t\t\t\t\t\t\t<nav aria-label=\"Menu\" class=\"elementor-nav-menu--main elementor-nav-menu__container elementor-nav-menu--layout-horizontal e--pointer-underline e--animation-fade\">\n\t\t\t\t<ul id=\"menu-1-804087f\" class=\"elementor-nav-menu\"><li class=\"menu-item menu-item-type-post_type menu-item-object-page menu-item-573\"><a href=\"https:\/\/tworzymyugc.pl\/?page_id=536\" class=\"elementor-item\">Polityka Prywatno\u015bci<\/a><\/li>\n<li class=\"menu-item menu-item-type-post_type menu-item-object-page menu-item-574\"><a href=\"https:\/\/tworzymyugc.pl\/?page_id=536\" class=\"elementor-item\">Regulamin<\/a><\/li>\n<\/ul>\t\t\t<\/nav>\n\t\t\t\t\t\t<nav class=\"elementor-nav-menu--dropdown elementor-nav-menu__container\" aria-hidden=\"true\">\n\t\t\t\t<ul id=\"menu-2-804087f\" class=\"elementor-nav-menu\"><li class=\"menu-item menu-item-type-post_type menu-item-object-page menu-item-573\"><a href=\"https:\/\/tworzymyugc.pl\/?page_id=536\" class=\"elementor-item\" tabindex=\"-1\">Polityka Prywatno\u015bci<\/a><\/li>\n<li class=\"menu-item menu-item-type-post_type menu-item-object-page menu-item-574\"><a href=\"https:\/\/tworzymyugc.pl\/?page_id=536\" class=\"elementor-item\" tabindex=\"-1\">Regulamin<\/a><\/li>\n<\/ul>\t\t\t<\/nav>\n\t\t\t\t\t\t<\/div>\n\t\t\t\t<\/div>\n\t\t\t\t<\/div>\n\t\t\t\t<\/footer>\n\t\t\t\t<\/div>\n\t\t\t\t<\/div>\n\t\t\t\t\t\t<\/div>\n\t\t\t\t<\/div>\n\t\t\t\t<\/div>\n\t\t\t\t<\/div>\n\t\t","protected":false},"excerpt":{"rendered":"<p>Adres rozliczeniowy Imi\u0119&nbsp;* Nazwisko&nbsp;* Kraj&nbsp;*Wybierz kraj\/region&hellip;AfganistanAlbaniaAlgieriaAndoraAngolaAnguillaAntarktydaAntigua i BarbudaArabia SaudyjskaArgentynaArmeniaArubaAustraliaAustriaAzerbejd\u017canBahamyBahrajnBangladeszBarbadosBelauBelgiaBelizeBeninBermudyBhutanBia\u0142oru\u015bBoliwiaBo\u015bnia i HercegowinaBotswanaBrazyliaBrazzavilleBruneiBrytyjskie Terytorium Oceanu IndyjskiegoBu\u0142gariaBurkina FasoBurundiChileChinyChorwacjaCura&ccedil;aoCyprCzadCzarnog\u00f3raDalekie Wyspy Mniejsze Stan\u00f3w ZjednoczonychDaniaDemokratyczna Republika KongaD\u017cibutiEgiptEkwadorErytreaEstoniaEswatiniEtiopiaFalklandyFid\u017ciFilipinyFinlandiaFrancjaFrancuskie Terytoria Po\u0142udnioweGabonGambiaGeorgia Po\u0142udniowa i Sandwich Po\u0142udniowyGhanaGibraltarGrecjaGrenadaGrenlandiaGruzjaGuamGuernseyGujanaGujana FrancuskaGwadelupaGwatemalaGwineaGwinea BissauGwinea R\u00f3wnikowaHaitiHiszpaniaHolandiaHolandia KaraibskaHondurasHongkongIndieIndonezjaIrakIranIrlandiaIslandiaIzraelJamajkaJaponiaJemenJerseyJordaniaKajmanyKambod\u017caKamerunKanadaKatarKazachstanKeniaKirgistanKiribatiKolumbiaKomoryKorea Po\u0142udniowaKorea P\u00f3\u0142nocnaKostarykaKubaKuwejtLaosLesotoLibanLiberiaLibiaLiechtensteinLitwaLuksemburg\u0141otwaMadagaskarMajottaMakauMalawiMalediwyMalezjaMaliMaltaMariany P\u00f3\u0142nocneMarokoMartynikaMauretaniaMauritiusMeksykMikronezjaMjanmaMo\u0142dawiaMonakoMongoliaMontserratMozambikNamibiaNauruNepalNiemcyNigerNigeriaNikaraguaNiueNorfolkNorwegiaNowa KaledoniaNowa ZelandiaOmanPakistanPanamaPapua-Nowa GwineaParagwajPeruPitcairnPolinezja FrancuskaPolskaPortorykoPortugaliaP\u00f3\u0142nocna MacedoniaRepublika CzeskaRepublika Dominika\u0144skaRepublika Po\u0142udniowej AfrykiRepublika \u015arodkowoafryka\u0144skaRepublika Zielonego Przyl\u0105dkaReunionRosjaRumuniaRwandaSahara ZachodniaSaint Kitts i NevisSaint LuciaSaint Vincent i GrenadynySaint-Barth&eacute;lemySaint-MartinSaint-Pierre i [&hellip;]<\/p>\n","protected":false},"author":1,"featured_media":0,"parent":0,"menu_order":0,"comment_status":"closed","ping_status":"closed","template":"","meta":{"footnotes":""},"class_list":["post-184","page","type-page","status-publish","hentry"],"_links":{"self":[{"href":"https:\/\/tworzymyugc.pl\/index.php?rest_route=\/wp\/v2\/pages\/184","targetHints":{"allow":["GET"]}}],"collection":[{"href":"https:\/\/tworzymyugc.pl\/index.php?rest_route=\/wp\/v2\/pages"}],"about":[{"href":"https:\/\/tworzymyugc.pl\/index.php?rest_route=\/wp\/v2\/types\/page"}],"author":[{"embeddable":true,"href":"https:\/\/tworzymyugc.pl\/index.php?rest_route=\/wp\/v2\/users\/1"}],"replies":[{"embeddable":true,"href":"https:\/\/tworzymyugc.pl\/index.php?rest_route=%2Fwp%2Fv2%2Fcomments&post=184"}],"version-history":[{"count":19,"href":"https:\/\/tworzymyugc.pl\/index.php?rest_route=\/wp\/v2\/pages\/184\/revisions"}],"predecessor-version":[{"id":659,"href":"https:\/\/tworzymyugc.pl\/index.php?rest_route=\/wp\/v2\/pages\/184\/revisions\/659"}],"wp:attachment":[{"href":"https:\/\/tworzymyugc.pl\/index.php?rest_route=%2Fwp%2Fv2%2Fmedia&parent=184"}],"curies":[{"name":"wp","href":"https:\/\/api.w.org\/{rel}","templated":true}]}}